{"id":2,"date":"2025-03-31T15:42:14","date_gmt":"2025-03-31T13:42:14","guid":{"rendered":"http:\/\/wp-thibaut-duret\/?page_id=2"},"modified":"2025-05-21T15:44:07","modified_gmt":"2025-05-21T13:44:07","slug":"page-d-exemple","status":"publish","type":"page","link":"https:\/\/www.thibautduret.fr\/","title":{"rendered":"Accueil"},"content":{"rendered":"\n<p><img loading=\"lazy\" decoding=\"async\" width=\"1706\" height=\"2560\" class=\"wp-image-35\" style=\"width: 300px; float: left; margin-right: 30px; margin-bottom: 30px\" src=\"https:\/\/www.thibautduret.fr\/wp-content\/uploads\/2025\/03\/Photo-dans-page-BIO-\u00a9-a.thiallier-athipic-scaled.jpg\" alt=\"\" srcset=\"https:\/\/www.thibautduret.fr\/wp-content\/uploads\/2025\/03\/Photo-dans-page-BIO-\u00a9-a.thiallier-athipic-scaled.jpg 1706w, https:\/\/www.thibautduret.fr\/wp-content\/uploads\/2025\/03\/Photo-dans-page-BIO-\u00a9-a.thiallier-athipic-200x300.jpg 200w, https:\/\/www.thibautduret.fr\/wp-content\/uploads\/2025\/03\/Photo-dans-page-BIO-\u00a9-a.thiallier-athipic-683x1024.jpg 683w, https:\/\/www.thibautduret.fr\/wp-content\/uploads\/2025\/03\/Photo-dans-page-BIO-\u00a9-a.thiallier-athipic-768x1152.jpg 768w, https:\/\/www.thibautduret.fr\/wp-content\/uploads\/2025\/03\/Photo-dans-page-BIO-\u00a9-a.thiallier-athipic-1024x1536.jpg 1024w, https:\/\/www.thibautduret.fr\/wp-content\/uploads\/2025\/03\/Photo-dans-page-BIO-\u00a9-a.thiallier-athipic-1365x2048.jpg 1365w, https:\/\/www.thibautduret.fr\/wp-content\/uploads\/2025\/03\/Photo-dans-page-BIO-\u00a9-a.thiallier-athipic-60x90.jpg 60w\" sizes=\"auto, (max-width: 1706px) 100vw, 1706px\" \/>Thibaut Duret a travaill\u00e9 l\u2019orgue aupr\u00e8s de Pierre Perdigon et Yves Lafargue au conservatoire de Grenoble puis de Fran\u00e7ois-Henri Houbart au conservatoire de Rueil Malmaison et remporte plusieurs r\u00e9compenses.<\/p>\n\n\n\n<p>Il poursuit sa formation avec Fran\u00e7ois Espinasse et Liesbeth Schlumberger au Conservatoire National Sup\u00e9rieur de Musique et danse de Lyon, o\u00f9 il est admis en 2007 \u00e0 l\u2019unanimit\u00e9. Il obtient son Master d\u2019orgue \u2013 mention tr\u00e8s bien \u2013 en 2011.<\/p>\n\n\n\n<p>Il est nomm\u00e9 sur concours titulaire du grand orgue de la Cath\u00e9drale de Chamb\u00e9ry en 2009.<\/p>\n\n\n\n<p>Thibaut Duret a \u00e9galement travaill\u00e9 l\u2019improvisation au Conservatoire National Sup\u00e9rieur de Musique et Danse de Lyon avec Lo\u00efc Malli\u00e9, Gabriel Marghieri et Franck Vaudray.<\/p>\n\n\n\n<p>Titulaire du Certificat d\u2019aptitude \u2013 orgue, Thibaut Duret enseigne cet instrument depuis Septembre 2014 au Conservatoire \u00e0 Rayonnement R\u00e9gional d\u2019Annecy.<\/p>\n\n\n\n<p>Il s\u2019est produit en concert en France, en Suisse, au Luxembourg, en Allemagne&#8230;Ainsi que dans plusieurs festivals : Annecy Classic Festival, Bach St Donat, Bach en Combrailles, Bel Air clavier Festival (Chamb\u00e9ry)&#8230;<\/p>\n\n\n\n<p>Thibaut Duret joue r\u00e9guli\u00e8rement en petite formation &#8211; Quatuor \u00e0 Cordes et Orgue, Quintette de cuivres et Orgue, Violoncelle &amp; Orgue (avec Laure H\u00e9l\u00e8ne Michel ), Piano &amp; Orgue (avec Thibault Maignan), Orgue \u00e0 4 mains (avec Lucile Dollat) &#8211; montrant ainsi que l\u2019orgue est un instrument de musique de chambre id\u00e9al.<\/p>\n\n\n\n<p>Il co-cr\u00e9e en 2017 le label Claviorganum dans le but de mettre en valeur des orgues par le biais d\u2019enregistrements.<\/p>\n\n\n\n<p>Thibaut Duret a enregistr\u00e9 un CD \u00e0 la Cath\u00e9drale de Chamb\u00e9ry comprenant des \u0153uvres de Brahms, Liszt et Widor.<\/p>\n\n\n\n<p><\/p>\n","protected":false},"excerpt":{"rendered":"<p>Thibaut Duret a travaill\u00e9 l\u2019orgue aupr\u00e8s de Pierre Perdigon et Yves Lafargue au conservatoire de Grenoble puis de Fran\u00e7ois-Henri Houbart au conservatoire de Rueil Malmaison et remporte plusieurs r\u00e9compenses. Il poursuit sa formation avec Fran\u00e7ois Espinasse et Liesbeth Schlumberger au Conservatoire National Sup\u00e9rieur de Musique et danse de Lyon, o\u00f9 il est admis en 2007 [&hellip;]<\/p>\n","protected":false},"author":1,"featured_media":0,"parent":0,"menu_order":0,"comment_status":"closed","ping_status":"open","template":"template-home.php","meta":{"footnotes":""},"class_list":["post-2","page","type-page","status-publish","hentry"],"yoast_head":"<!-- This site is optimized with the Yoast SEO plugin v27.1.1 - https:\/\/yoast.com\/product\/yoast-seo-wordpress\/ -->\n<title>Accueil - Thibaut Duret<\/title>\n<meta name=\"robots\" content=\"noindex, follow, max-snippet:-1, max-image-preview:large, max-video-preview:-1\" \/>\n<meta property=\"og:locale\" content=\"fr_FR\" \/>\n<meta property=\"og:type\" content=\"article\" \/>\n<meta property=\"og:title\" content=\"Accueil - Thibaut Duret\" \/>\n<meta property=\"og:description\" content=\"Thibaut Duret a travaill\u00e9 l\u2019orgue aupr\u00e8s de Pierre Perdigon et Yves Lafargue au conservatoire de Grenoble puis de Fran\u00e7ois-Henri Houbart au conservatoire de Rueil Malmaison et remporte plusieurs r\u00e9compenses. Il poursuit sa formation avec Fran\u00e7ois Espinasse et Liesbeth Schlumberger au Conservatoire National Sup\u00e9rieur de Musique et danse de Lyon, o\u00f9 il est admis en 2007 [&hellip;]\" \/>\n<meta property=\"og:url\" content=\"https:\/\/www.thibautduret.fr\/\" \/>\n<meta property=\"og:site_name\" content=\"Thibaut Duret\" \/>\n<meta property=\"article:modified_time\" content=\"2025-05-21T13:44:07+00:00\" \/>\n<meta name=\"twitter:card\" content=\"summary_large_image\" \/>\n<meta name=\"twitter:label1\" content=\"Dur\u00e9e de lecture estim\u00e9e\" \/>\n\t<meta name=\"twitter:data1\" content=\"1 minute\" \/>\n<script type=\"application\/ld+json\" class=\"yoast-schema-graph\">{\"@context\":\"https:\/\/schema.org\",\"@graph\":[{\"@type\":\"WebPage\",\"@id\":\"https:\/\/www.thibautduret.fr\/\",\"url\":\"https:\/\/www.thibautduret.fr\/\",\"name\":\"Accueil - Thibaut Duret\",\"isPartOf\":{\"@id\":\"https:\/\/www.thibautduret.fr\/#website\"},\"datePublished\":\"2025-03-31T13:42:14+00:00\",\"dateModified\":\"2025-05-21T13:44:07+00:00\",\"breadcrumb\":{\"@id\":\"https:\/\/www.thibautduret.fr\/#breadcrumb\"},\"inLanguage\":\"fr-FR\",\"potentialAction\":[{\"@type\":\"ReadAction\",\"target\":[\"https:\/\/www.thibautduret.fr\/\"]}]},{\"@type\":\"BreadcrumbList\",\"@id\":\"https:\/\/www.thibautduret.fr\/#breadcrumb\",\"itemListElement\":[{\"@type\":\"ListItem\",\"position\":1,\"name\":\"Accueil\",\"item\":\"https:\/\/www.thibautduret.fr\/\"},{\"@type\":\"ListItem\",\"position\":2,\"name\":\"Accueil\"}]},{\"@type\":\"WebSite\",\"@id\":\"https:\/\/www.thibautduret.fr\/#website\",\"url\":\"https:\/\/www.thibautduret.fr\/\",\"name\":\"Thibaut Duret\",\"description\":\"Organiste\",\"potentialAction\":[{\"@type\":\"SearchAction\",\"target\":{\"@type\":\"EntryPoint\",\"urlTemplate\":\"https:\/\/www.thibautduret.fr\/?s={search_term_string}\"},\"query-input\":{\"@type\":\"PropertyValueSpecification\",\"valueRequired\":true,\"valueName\":\"search_term_string\"}}],\"inLanguage\":\"fr-FR\"}]}<\/script>\n<!-- \/ Yoast SEO plugin. -->","yoast_head_json":{"title":"Accueil - Thibaut Duret","robots":{"index":"noindex","follow":"follow","max-snippet":"max-snippet:-1","max-image-preview":"max-image-preview:large","max-video-preview":"max-video-preview:-1"},"og_locale":"fr_FR","og_type":"article","og_title":"Accueil - Thibaut Duret","og_description":"Thibaut Duret a travaill\u00e9 l\u2019orgue aupr\u00e8s de Pierre Perdigon et Yves Lafargue au conservatoire de Grenoble puis de Fran\u00e7ois-Henri Houbart au conservatoire de Rueil Malmaison et remporte plusieurs r\u00e9compenses. Il poursuit sa formation avec Fran\u00e7ois Espinasse et Liesbeth Schlumberger au Conservatoire National Sup\u00e9rieur de Musique et danse de Lyon, o\u00f9 il est admis en 2007 [&hellip;]","og_url":"https:\/\/www.thibautduret.fr\/","og_site_name":"Thibaut Duret","article_modified_time":"2025-05-21T13:44:07+00:00","twitter_card":"summary_large_image","twitter_misc":{"Dur\u00e9e de lecture estim\u00e9e":"1 minute"},"schema":{"@context":"https:\/\/schema.org","@graph":[{"@type":"WebPage","@id":"https:\/\/www.thibautduret.fr\/","url":"https:\/\/www.thibautduret.fr\/","name":"Accueil - Thibaut Duret","isPartOf":{"@id":"https:\/\/www.thibautduret.fr\/#website"},"datePublished":"2025-03-31T13:42:14+00:00","dateModified":"2025-05-21T13:44:07+00:00","breadcrumb":{"@id":"https:\/\/www.thibautduret.fr\/#breadcrumb"},"inLanguage":"fr-FR","potentialAction":[{"@type":"ReadAction","target":["https:\/\/www.thibautduret.fr\/"]}]},{"@type":"BreadcrumbList","@id":"https:\/\/www.thibautduret.fr\/#breadcrumb","itemListElement":[{"@type":"ListItem","position":1,"name":"Accueil","item":"https:\/\/www.thibautduret.fr\/"},{"@type":"ListItem","position":2,"name":"Accueil"}]},{"@type":"WebSite","@id":"https:\/\/www.thibautduret.fr\/#website","url":"https:\/\/www.thibautduret.fr\/","name":"Thibaut Duret","description":"Organiste","potentialAction":[{"@type":"SearchAction","target":{"@type":"EntryPoint","urlTemplate":"https:\/\/www.thibautduret.fr\/?s={search_term_string}"},"query-input":{"@type":"PropertyValueSpecification","valueRequired":true,"valueName":"search_term_string"}}],"inLanguage":"fr-FR"}]}},"_links":{"self":[{"href":"https:\/\/www.thibautduret.fr\/index.php\/wp-json\/wp\/v2\/pages\/2","targetHints":{"allow":["GET"]}}],"collection":[{"href":"https:\/\/www.thibautduret.fr\/index.php\/wp-json\/wp\/v2\/pages"}],"about":[{"href":"https:\/\/www.thibautduret.fr\/index.php\/wp-json\/wp\/v2\/types\/page"}],"author":[{"embeddable":true,"href":"https:\/\/www.thibautduret.fr\/index.php\/wp-json\/wp\/v2\/users\/1"}],"replies":[{"embeddable":true,"href":"https:\/\/www.thibautduret.fr\/index.php\/wp-json\/wp\/v2\/comments?post=2"}],"version-history":[{"count":9,"href":"https:\/\/www.thibautduret.fr\/index.php\/wp-json\/wp\/v2\/pages\/2\/revisions"}],"predecessor-version":[{"id":629,"href":"https:\/\/www.thibautduret.fr\/index.php\/wp-json\/wp\/v2\/pages\/2\/revisions\/629"}],"wp:attachment":[{"href":"https:\/\/www.thibautduret.fr\/index.php\/wp-json\/wp\/v2\/media?parent=2"}],"curies":[{"name":"wp","href":"https:\/\/api.w.org\/{rel}","templated":true}]}}