{"id":311,"date":"2025-04-11T14:19:39","date_gmt":"2025-04-11T12:19:39","guid":{"rendered":"https:\/\/www.thibautduret.fr\/?page_id=311"},"modified":"2025-10-14T14:04:39","modified_gmt":"2025-10-14T12:04:39","slug":"agenda","status":"publish","type":"page","link":"https:\/\/www.thibautduret.fr\/index.php\/agenda\/","title":{"rendered":"Agenda"},"content":{"rendered":"\n<h4 class=\"wp-block-heading\">Janvier 2025<\/h4>\n\n\n\n<ul class=\"wp-block-list\">\n<li><strong>30 Janvier 18h15: <\/strong>Alpe d\u2019Huez \u2013 \u00c9glise \u2013 Ch\u0153ur &amp; Orgue<br>Ch\u0153ur opus38 direction S\u00e9bastien Jaudon<br>Requiem de Faur\u00e9<br><br><\/li>\n<\/ul>\n\n\n\n<h4 class=\"wp-block-heading\">Mars 2025<\/h4>\n\n\n\n<ul class=\"wp-block-list\">\n<li><strong>1er Mars 17h00 :<\/strong> Gen\u00e8ve \u2013 Chapelle des Macchab\u00e9s<br>4 mains avec Lucile Dollat<br><\/li>\n\n\n\n<li><strong>22 Mars 20h30 :<\/strong> St Jean de Moiran \u2013 \u00c9glise &#8211; Ch\u0153ur &amp; Orgue<br>Ch\u0153ur opus38 direction Sebastien Jaudon<br>Requiem de Faur\u00e9<br><\/li>\n\n\n\n<li><strong>23 Mars 17h30 :<\/strong> Annecy \u2013 Temple<br>Concert Bach avec les professeurs du d\u00e9partement instruments anciens du CRR d\u2019Annecy<br><br><\/li>\n<\/ul>\n\n\n\n<h4 class=\"wp-block-heading\">Avril 2025<\/h4>\n\n\n\n<ul class=\"wp-block-list\">\n<li><strong>5 Avril 16h00 :<\/strong> Chateauneuf de Galaure &#8211; Ch\u0153ur &amp; Orgue<br>Ch\u0153ur opus38 direction Sebastien Jaudon<br><\/li>\n\n\n\n<li><strong>19 Avril 20h00 :<\/strong> Auditorium Radio France<br>Cr\u00e9ation de la pi\u00e8ce \u00ab&nbsp;Gloria&nbsp;\u00bb de Marc-Andr\u00e9 Dalbavi avec Lucile Dollat<br><\/li>\n\n\n\n<li><strong>20 Avril 16h30 :<\/strong> Chamb\u00e9ry \u2013 Cath\u00e9drale<br>R\u00e9cital<br><\/li>\n\n\n\n<li><strong>27 Avril :<\/strong> La Ravoire \u2013 Auditorium Bel Air<br>R\u00e9cital pour la sortie du CD enregistr\u00e9 in situ<br><br><\/li>\n<\/ul>\n\n\n\n<h4 class=\"wp-block-heading\">Mai 2025<\/h4>\n\n\n\n<ul class=\"wp-block-list\">\n<li><strong>4 Mai 17h00 :<\/strong> Thones \u2013 \u00c9glise<br>Trompettes &amp; orgue avec Christophe Gallien &amp; Jean-Fran\u00e7ois Raymond \u2013 inauguration des travaux de relevage de l\u2019orgue<br><\/li>\n\n\n\n<li><strong>30 Mai 20h00 :<\/strong> Concert CD Bel-Air<br><br><\/li>\n<\/ul>\n\n\n\n<h4 class=\"wp-block-heading\">Juin 2025<\/h4>\n\n\n\n<ul class=\"wp-block-list\">\n<li><strong>15 Juin  18h00 :<\/strong> St Ismier \u2013 \u00c9glise<br>R\u00e9cital<br><\/li>\n\n\n\n<li><strong>22 Juin 18h00 :<\/strong> Grenoble \u2013 \u00c9glise St Jean &#8211; Ch\u0153ur &amp; Orgue<br>Ch\u0153ur opus38 direction Sebastien Jaudon<br>Requiem de Faur\u00e9<br><\/li>\n\n\n\n<li><strong>28 Juin 20h00 :<\/strong> Cath\u00e9drale de Gen\u00e8ve. Marathon d&rsquo;improvisations<br><\/li>\n\n\n\n<li><strong>29 Juin 17h00 :<\/strong> Eglise Sainte Marie de St Etienne<br><\/li>\n<\/ul>\n\n\n\n<h4 class=\"wp-block-heading\">Juillet 2025<\/h4>\n\n\n\n<ul class=\"wp-block-list\">\n<li><strong>19 Juillet 11h00 :<\/strong> Le Creusot \u2013 \u00c9glise St Charles<br>R\u00e9cital<br><\/li>\n\n\n\n<li><strong>Du 20 au 26 juillet :<\/strong>  Enseignant au stage d\u2019orgue de Chamb\u00e9ry<br><br><\/li>\n<\/ul>\n\n\n\n<h4 class=\"wp-block-heading\">Ao\u00fbt 2025<\/h4>\n\n\n\n<ul class=\"wp-block-list\">\n<li><strong>3 Ao\u00fbt 18h00 :<\/strong> Le Touquet \u2013 \u00c9glise<br>F\u00e9stival d&rsquo;orgue du Touquet<br><\/li>\n\n\n\n<li><strong>6 Ao\u00fbt 18h30 :<\/strong> Thonon \u2013 Basilique<br>4 mains avec Lucile Dollat<br><\/li>\n\n\n\n<li><strong>9 Ao\u00fbt 12h00 :<\/strong> Pontaumur \u2013 \u00c9glise \u2013 Festival \u00ab&nbsp;Bach en Combrailles&nbsp;\u00bb<br>4 mains avec Lucile Dollat<br><\/li>\n\n\n\n<li><strong>14 Ao\u00fbt 18h00 :<\/strong> Embrun \u2013 Cath\u00e9drale<br>R\u00e9cital<br><\/li>\n\n\n\n<li><strong>17 Ao\u00fbt 17h30 :<\/strong> Chamb\u00e9ry \u2013 Cath\u00e9drale<br>Audition d\u2019orgue<br><\/li>\n\n\n\n<li><strong>18-23Juin :<\/strong> Stage d&rsquo;orgue d&rsquo;Arras<br><\/li>\n\n\n\n<li><strong>28 Juin 20h30 : <\/strong>Temple d&rsquo;Ortez<br><br><\/li>\n<\/ul>\n\n\n\n<h4 class=\"wp-block-heading\">Septembre 2025<\/h4>\n\n\n\n<ul class=\"wp-block-list\">\n<li><strong>28 Septembre 17h00 :<\/strong> Taninges \u2013 \u00c9glise<br>Trompette &amp; orgue avec Jean-Fran\u00e7ois Raymond<br><br><\/li>\n<\/ul>\n\n\n\n<h4 class=\"wp-block-heading\">Octobre 2025<\/h4>\n\n\n\n<ul class=\"wp-block-list\">\n<li><strong>4 Octobre :<\/strong> Chamb\u00e9ry Saine Chapelle aves l&rsquo;ensembleCornic\u00eemes. Direction Pierre Vericel<br><\/li>\n\n\n\n<li><strong>5 Octobre 17h00 :<\/strong> Gen\u00e8ve\/Ch\u00eane Bourg \u2013 \u00c9glise &#8211; Ch\u0153ur &amp; Orgue<br>Ch\u0153ur Villanelle direction Margot Boitard<br>Requiem de Durufl\u00e9<br><\/li>\n\n\n\n<li><strong>12 Octobre 15h00 :<\/strong> \u00c9vreux \u2013 Cath\u00e9drale<br>4 mains avec Lucile Dollat<br><br><\/li>\n<\/ul>\n\n\n\n<h4 class=\"wp-block-heading\">Novembre 2025<\/h4>\n\n\n\n<ul class=\"wp-block-list\">\n<li><strong>9 Novembre :<\/strong> \u00c9vian \u2013 \u00c9glise &#8211; Ch\u0153ur &amp; Orgue <br>Ch\u0153ur Villanelle direction Margot Boitard<br>Requiem de Durufl\u00e9<br><\/li>\n\n\n\n<li><strong>15 Novembre 18h15 :<\/strong> Basilique Saint Joseph de Grenoble<br><br><\/li>\n<\/ul>\n\n\n\n<h4 class=\"wp-block-heading\"><strong>D\u00e9cembre 2025<\/strong><\/h4>\n\n\n\n<ul class=\"wp-block-list\">\n<li><strong>25 D\u00e9cembre 16h30 :<\/strong> R\u00e9cital de No\u00ebl. Cath\u00e9rale de Chamb\u00e9ry<br><\/li>\n\n\n\n<li><strong>27 D\u00e9cembre 20h00 :<\/strong> Eglise de la Ciotat. 4 mains<\/li>\n<\/ul>\n\n\n\n<h4 class=\"wp-block-heading\"><strong>Janvier 2026<\/strong><\/h4>\n\n\n\n<ul class=\"wp-block-list\">\n<li><strong>1er janvier 18h15 :<\/strong> Eglise de l&rsquo;Alpes d&rsquo;Huez. Avec le Quintette Alpentabrass<\/li>\n<\/ul>\n","protected":false},"excerpt":{"rendered":"<p>Janvier 2025 Mars 2025 Avril 2025 Mai 2025 Juin 2025 Juillet 2025 Ao\u00fbt 2025 Septembre 2025 Octobre 2025 Novembre 2025 D\u00e9cembre 2025 Janvier 2026<\/p>\n","protected":false},"author":1,"featured_media":0,"parent":0,"menu_order":0,"comment_status":"closed","ping_status":"closed","template":"","meta":{"footnotes":""},"class_list":["post-311","page","type-page","status-publish","hentry"],"yoast_head":"<!-- This site is optimized with the Yoast SEO plugin v27.1.1 - https:\/\/yoast.com\/product\/yoast-seo-wordpress\/ -->\n<title>Agenda - Thibaut Duret<\/title>\n<meta name=\"robots\" content=\"noindex, follow, max-snippet:-1, max-image-preview:large, max-video-preview:-1\" \/>\n<meta property=\"og:locale\" content=\"fr_FR\" \/>\n<meta property=\"og:type\" content=\"article\" \/>\n<meta property=\"og:title\" content=\"Agenda - Thibaut Duret\" \/>\n<meta property=\"og:description\" content=\"Janvier 2025 Mars 2025 Avril 2025 Mai 2025 Juin 2025 Juillet 2025 Ao\u00fbt 2025 Septembre 2025 Octobre 2025 Novembre 2025 D\u00e9cembre 2025 Janvier 2026\" \/>\n<meta property=\"og:url\" content=\"https:\/\/www.thibautduret.fr\/index.php\/agenda\/\" \/>\n<meta property=\"og:site_name\" content=\"Thibaut Duret\" \/>\n<meta property=\"article:modified_time\" content=\"2025-10-14T12:04:39+00:00\" \/>\n<meta name=\"twitter:card\" content=\"summary_large_image\" \/>\n<meta name=\"twitter:label1\" content=\"Dur\u00e9e de lecture estim\u00e9e\" \/>\n\t<meta name=\"twitter:data1\" content=\"2 minutes\" \/>\n<script type=\"application\/ld+json\" class=\"yoast-schema-graph\">{\"@context\":\"https:\/\/schema.org\",\"@graph\":[{\"@type\":\"WebPage\",\"@id\":\"https:\/\/www.thibautduret.fr\/index.php\/agenda\/\",\"url\":\"https:\/\/www.thibautduret.fr\/index.php\/agenda\/\",\"name\":\"Agenda - Thibaut Duret\",\"isPartOf\":{\"@id\":\"https:\/\/www.thibautduret.fr\/#website\"},\"datePublished\":\"2025-04-11T12:19:39+00:00\",\"dateModified\":\"2025-10-14T12:04:39+00:00\",\"breadcrumb\":{\"@id\":\"https:\/\/www.thibautduret.fr\/index.php\/agenda\/#breadcrumb\"},\"inLanguage\":\"fr-FR\",\"potentialAction\":[{\"@type\":\"ReadAction\",\"target\":[\"https:\/\/www.thibautduret.fr\/index.php\/agenda\/\"]}]},{\"@type\":\"BreadcrumbList\",\"@id\":\"https:\/\/www.thibautduret.fr\/index.php\/agenda\/#breadcrumb\",\"itemListElement\":[{\"@type\":\"ListItem\",\"position\":1,\"name\":\"Accueil\",\"item\":\"https:\/\/www.thibautduret.fr\/\"},{\"@type\":\"ListItem\",\"position\":2,\"name\":\"Agenda\"}]},{\"@type\":\"WebSite\",\"@id\":\"https:\/\/www.thibautduret.fr\/#website\",\"url\":\"https:\/\/www.thibautduret.fr\/\",\"name\":\"Thibaut Duret\",\"description\":\"Organiste\",\"potentialAction\":[{\"@type\":\"SearchAction\",\"target\":{\"@type\":\"EntryPoint\",\"urlTemplate\":\"https:\/\/www.thibautduret.fr\/?s={search_term_string}\"},\"query-input\":{\"@type\":\"PropertyValueSpecification\",\"valueRequired\":true,\"valueName\":\"search_term_string\"}}],\"inLanguage\":\"fr-FR\"}]}<\/script>\n<!-- \/ Yoast SEO plugin. -->","yoast_head_json":{"title":"Agenda - Thibaut Duret","robots":{"index":"noindex","follow":"follow","max-snippet":"max-snippet:-1","max-image-preview":"max-image-preview:large","max-video-preview":"max-video-preview:-1"},"og_locale":"fr_FR","og_type":"article","og_title":"Agenda - Thibaut Duret","og_description":"Janvier 2025 Mars 2025 Avril 2025 Mai 2025 Juin 2025 Juillet 2025 Ao\u00fbt 2025 Septembre 2025 Octobre 2025 Novembre 2025 D\u00e9cembre 2025 Janvier 2026","og_url":"https:\/\/www.thibautduret.fr\/index.php\/agenda\/","og_site_name":"Thibaut Duret","article_modified_time":"2025-10-14T12:04:39+00:00","twitter_card":"summary_large_image","twitter_misc":{"Dur\u00e9e de lecture estim\u00e9e":"2 minutes"},"schema":{"@context":"https:\/\/schema.org","@graph":[{"@type":"WebPage","@id":"https:\/\/www.thibautduret.fr\/index.php\/agenda\/","url":"https:\/\/www.thibautduret.fr\/index.php\/agenda\/","name":"Agenda - Thibaut Duret","isPartOf":{"@id":"https:\/\/www.thibautduret.fr\/#website"},"datePublished":"2025-04-11T12:19:39+00:00","dateModified":"2025-10-14T12:04:39+00:00","breadcrumb":{"@id":"https:\/\/www.thibautduret.fr\/index.php\/agenda\/#breadcrumb"},"inLanguage":"fr-FR","potentialAction":[{"@type":"ReadAction","target":["https:\/\/www.thibautduret.fr\/index.php\/agenda\/"]}]},{"@type":"BreadcrumbList","@id":"https:\/\/www.thibautduret.fr\/index.php\/agenda\/#breadcrumb","itemListElement":[{"@type":"ListItem","position":1,"name":"Accueil","item":"https:\/\/www.thibautduret.fr\/"},{"@type":"ListItem","position":2,"name":"Agenda"}]},{"@type":"WebSite","@id":"https:\/\/www.thibautduret.fr\/#website","url":"https:\/\/www.thibautduret.fr\/","name":"Thibaut Duret","description":"Organiste","potentialAction":[{"@type":"SearchAction","target":{"@type":"EntryPoint","urlTemplate":"https:\/\/www.thibautduret.fr\/?s={search_term_string}"},"query-input":{"@type":"PropertyValueSpecification","valueRequired":true,"valueName":"search_term_string"}}],"inLanguage":"fr-FR"}]}},"_links":{"self":[{"href":"https:\/\/www.thibautduret.fr\/index.php\/wp-json\/wp\/v2\/pages\/311","targetHints":{"allow":["GET"]}}],"collection":[{"href":"https:\/\/www.thibautduret.fr\/index.php\/wp-json\/wp\/v2\/pages"}],"about":[{"href":"https:\/\/www.thibautduret.fr\/index.php\/wp-json\/wp\/v2\/types\/page"}],"author":[{"embeddable":true,"href":"https:\/\/www.thibautduret.fr\/index.php\/wp-json\/wp\/v2\/users\/1"}],"replies":[{"embeddable":true,"href":"https:\/\/www.thibautduret.fr\/index.php\/wp-json\/wp\/v2\/comments?post=311"}],"version-history":[{"count":43,"href":"https:\/\/www.thibautduret.fr\/index.php\/wp-json\/wp\/v2\/pages\/311\/revisions"}],"predecessor-version":[{"id":683,"href":"https:\/\/www.thibautduret.fr\/index.php\/wp-json\/wp\/v2\/pages\/311\/revisions\/683"}],"wp:attachment":[{"href":"https:\/\/www.thibautduret.fr\/index.php\/wp-json\/wp\/v2\/media?parent=311"}],"curies":[{"name":"wp","href":"https:\/\/api.w.org\/{rel}","templated":true}]}}